{"id":976,"date":"2016-04-06T10:13:54","date_gmt":"2016-04-06T10:13:54","guid":{"rendered":"https:\/\/rozsakert.hu\/?page_id=976"},"modified":"2016-04-06T10:13:54","modified_gmt":"2016-04-06T10:13:54","slug":"kapcsolat-2","status":"publish","type":"page","link":"https:\/\/rozsakert.hu\/en\/kapcsolat-2\/","title":{"rendered":"Kapcsolat"},"content":{"rendered":"<div class=\"wpb-content-wrapper\"><p>[vc_row][vc_column width=&#8221;1\/3&#8243;][vc_column_text]<\/p>\n<h4>K\u00e9rd\u00e9se van? \u00cdrjon nek\u00fcnk!<\/h4>\n<p>[\/vc_column_text][vc_empty_space]\n<div class=\"wpcf7 no-js\" id=\"wpcf7-f6-o1\" lang=\"hu-HU\" dir=\"ltr\" data-wpcf7-id=\"6\">\n<div class=\"screen-reader-response\"><p role=\"status\" aria-live=\"polite\" aria-atomic=\"true\"><\/p> <ul><\/ul><\/div>\n<form action=\"\/en\/wp-json\/wp\/v2\/pages\/976#wpcf7-f6-o1\" method=\"post\" class=\"wpcf7-form init\" aria-label=\"Kapcsolatfelv\u00e9teli \u0171rlap\" novalidate=\"novalidate\" data-status=\"init\">\n<fieldset class=\"hidden-fields-container\"><input type=\"hidden\" name=\"_wpcf7\" value=\"6\" \/><input type=\"hidden\" name=\"_wpcf7_version\" value=\"6.1.5\" \/><input type=\"hidden\" name=\"_wpcf7_locale\" value=\"hu_HU\" \/><input type=\"hidden\" name=\"_wpcf7_unit_tag\" value=\"wpcf7-f6-o1\" \/><input type=\"hidden\" name=\"_wpcf7_container_post\" value=\"0\" \/><input type=\"hidden\" name=\"_wpcf7_posted_data_hash\" value=\"\" \/>\n<\/fieldset>\n<p>N\u00e9v (k\u00f6telez\u0151)\n<\/p>\n<p><span class=\"wpcf7-form-control-wrap\" data-name=\"your-name\"><input size=\"40\" maxlength=\"400\" class=\"wpcf7-form-control wpcf7-text wpcf7-validates-as-required\" aria-required=\"true\" aria-invalid=\"false\" value=\"\" type=\"text\" name=\"your-name\" \/><\/span>\n<\/p>\n<p>Email c\u00edm (k\u00f6telez\u0151)\n<\/p>\n<p><span class=\"wpcf7-form-control-wrap\" data-name=\"your-email\"><input size=\"40\" maxlength=\"400\" class=\"wpcf7-form-control wpcf7-email wpcf7-validates-as-required wpcf7-text wpcf7-validates-as-email\" aria-required=\"true\" aria-invalid=\"false\" value=\"\" type=\"email\" name=\"your-email\" \/><\/span>\n<\/p>\n<p>\u00dczenet\n<\/p>\n<p><span class=\"wpcf7-form-control-wrap\" data-name=\"your-message\"><textarea cols=\"40\" rows=\"10\" maxlength=\"2000\" class=\"wpcf7-form-control wpcf7-textarea\" aria-invalid=\"false\" name=\"your-message\"><\/textarea><\/span>\n<\/p>\n<p><br \/>\n<span class=\"wpcf7-form-control-wrap\" data-name=\"checkbox-654\"><span class=\"wpcf7-form-control wpcf7-checkbox wpcf7-validates-as-required\"><span class=\"wpcf7-list-item first last\"><input type=\"checkbox\" name=\"checkbox-654[]\" value=\"\" \/><span class=\"wpcf7-list-item-label\"><\/span><\/span><\/span><\/span><a href=\"https:\/\/rozsakert.hu\/adatvedelmi-nyilatkozat\/\">Elfogadom az Adatv\u00e9delmi Nyilatkozatot*<\/a>\n<\/p>\n<p><input class=\"wpcf7-form-control wpcf7-submit has-spinner\" type=\"submit\" value=\"K\u00fcld\u00e9s\" \/>\n<\/p><div class=\"wpcf7-response-output\" aria-hidden=\"true\"><\/div>\n<\/form>\n<\/div>\n[\/vc_column][vc_column width=&#8221;1\/3&#8243;][vc_column_text]<\/p>\n<h4>El\u00e9rhet\u0151s\u00e9geink<\/h4>\n<p>[\/vc_column_text][vc_empty_space][vc_column_text]C\u00edm: 1026 Budapest, G\u00e1bor \u00c1ron u.74. Tel.: +361 391 5998, 06 80 20 11 80 Email: <a href=\"mailto:rozsakert@rozsakert.hu\">rozsakert@rozsakert.hu<\/a> <span style=\"color: #ed1c24;\">\u00c1LTAL\u00c1NOS NYITVATART\u00c1S<\/span><\/p>\n<div class=\"textwidget\">H\u00e9tf\u0151 \u2013 P\u00e9ntek \u00a0 \u00a0 \u00a0 \u00a0 \u00a0 \u00a0 \u00a0 \u00a0 10.00 \u2013 20.00 Szombat \u00a0 \u00a0 \u00a0 \u00a0 \u00a0 \u00a0 \u00a0 \u00a0 \u00a0 \u00a0 \u00a0 \u00a0 \u00a0 \u00a010.00 \u2013 19.00 Vas\u00e1rnap a t\u00f6rv\u00e9nyi el\u0151\u00edr\u00e1soknak megfelel\u0151 \u00fczletek tartanak nyitva. <span style=\"color: #ed1c24;\">SPAR<\/span> H\u00e9tf\u0151 \u2013 Szombat \u00a0 \u00a0 \u00a0 \u00a0 \u00a0 \u00a0 \u00a0 \u00a0 7.00 \u2013 21.00 <span style=\"color: #ed1c24;\">dm \u2013 Drogerie Markt<\/span> H\u00e9tf\u0151 \u2013 Szombat \u00a0 \u00a0 \u00a0 \u00a0 \u00a0 \u00a0 \u00a0 \u00a0 9.00 \u2013 20.00 <span style=\"color: #ed1c24;\">R\u00f3zsakerti Patika<\/span> H\u00e9tf\u0151 \u2013 P\u00e9ntek \u00a0 \u00a0 \u00a0 \u00a0 \u00a0 \u00a0 \u00a0 \u00a0 \u00a0 \u00a0 8.30 \u2013 20.00 Szombat \u00a0 \u00a0 \u00a0 \u00a0 \u00a0 \u00a0 \u00a0 \u00a0 \u00a0 \u00a0 \u00a0 \u00a0 \u00a0 \u00a0 \u00a0 \u00a08.30 \u2013 19.00<\/div>\n<p>[\/vc_column_text][\/vc_column][vc_column width=&#8221;1\/3&#8243;][vc_column_text]<\/p>\n<h4>Megk\u00f6zel\u00edthet\u0151s\u00e9g<\/h4>\n<p>[\/vc_column_text][vc_empty_space][vc_gmaps link=&#8221;#E-8_JTNDaWZyYW1lJTIwc3JjJTNEJTIyaHR0cHMlM0ElMkYlMkZ3d3cuZ29vZ2xlLmNvbSUyRm1hcHMlMkZlbWJlZCUzRnBiJTNEJTIxMW0xOCUyMTFtMTIlMjExbTMlMjExZDE5MDUuMTg1MDQ0MjE2MjAyNiUyMTJkMTkuMDE0NTk2Mzk1ODc4MjgyJTIxM2Q0Ny41MjIyNzE5MzA0NTMyOCUyMTJtMyUyMTFmMCUyMTJmMCUyMTNmMCUyMTNtMiUyMTFpMTAyNCUyMTJpNzY4JTIxNGYxMy4xJTIxM20zJTIxMW0yJTIxMXMweDAwMDAwMDAwMDAwMDAwMDAlMjUzQTB4MDkxYTNiODg4YTA4NTAzYiUyMTJ6VXNPemVuTmhhMlZ5ZENCQ1pYYkRvWFBEb1hKc3c3TnJ3N1o2Y0c5dWRBJTIxNWUwJTIxM20yJTIxMXNodSUyMTJzaHUlMjE0djE0NDg0MDE0NTI4OTYlMjIlMjB3aWR0aCUzRCUyMjYwMCUyMiUyMGhlaWdodCUzRCUyMjQ1MCUyMiUyMGZyYW1lYm9yZGVyJTNEJTIyMCUyMiUyMHN0eWxlJTNEJTIyYm9yZGVyJTNBMCUyMiUyMGFsbG93ZnVsbHNjcmVlbiUzRSUzQyUyRmlmcmFtZSUzRQ==&#8221;][\/vc_column][\/vc_row][vc_row full_width=&#8221;true&#8221;][vc_column][vc_empty_space height=&#8221;52px&#8221;][vc_single_image image=&#8221;674&#8243; img_size=&#8221;1400&#215;400&#8243;][\/vc_column][\/vc_row]<\/p>\n<\/div>","protected":false},"excerpt":{"rendered":"<p>[vc_row][vc_column width=&#8221;1\/3&#8243;][vc_column_text] K\u00e9rd\u00e9se van? \u00cdrjon nek\u00fcnk! [\/vc_column_text][vc_empty_space][\/vc_column][vc_column width=&#8221;1\/3&#8243;][vc_column_text] El\u00e9rhet\u0151s\u00e9geink [\/vc_column_text][vc_empty_space][vc_column_text]C\u00edm: 1026 Budapest, G\u00e1bor \u00c1ron u.74. Tel.: +361 391 5998, 06 80 20 11 80 Email: rozsakert@rozsakert.hu \u00c1LTAL\u00c1NOS NYITVATART\u00c1S H\u00e9tf\u0151 \u2013 P\u00e9ntek \u00a0 \u00a0 \u00a0 \u00a0 \u00a0 \u00a0 \u00a0 \u00a0 10.00 \u2013 20.00 Szombat \u00a0 \u00a0 \u00a0 \u00a0 \u00a0 \u00a0 \u00a0 \u00a0 \u00a0 \u00a0 \u00a0 \u00a0&hellip;<\/p>\n","protected":false},"author":17,"featured_media":0,"parent":0,"menu_order":0,"comment_status":"closed","ping_status":"closed","template":"","meta":{"footnotes":""},"class_list":["post-976","page","type-page","status-publish","hentry","description-off"],"yoast_head":"<!-- This site is optimized with the Yoast SEO plugin v27.4 - https:\/\/yoast.com\/product\/yoast-seo-wordpress\/ -->\n<title>Kapcsolat - R\u00f3zsakert<\/title>\n<meta name=\"robots\" content=\"index, follow, max-snippet:-1, max-image-preview:large, max-video-preview:-1\" \/>\n<link rel=\"canonical\" href=\"https:\/\/rozsakert.hu\/en\/kapcsolat-2\/\" \/>\n<meta property=\"og:locale\" content=\"en_US\" \/>\n<meta property=\"og:type\" content=\"article\" \/>\n<meta property=\"og:title\" content=\"Kapcsolat - R\u00f3zsakert\" \/>\n<meta property=\"og:description\" content=\"[vc_row][vc_column width=&#8221;1\/3&#8243;][vc_column_text] K\u00e9rd\u00e9se van? \u00cdrjon nek\u00fcnk! [\/vc_column_text][vc_empty_space][\/vc_column][vc_column width=&#8221;1\/3&#8243;][vc_column_text] El\u00e9rhet\u0151s\u00e9geink [\/vc_column_text][vc_empty_space][vc_column_text]C\u00edm: 1026 Budapest, G\u00e1bor \u00c1ron u.74. Tel.: +361 391 5998, 06 80 20 11 80 Email: rozsakert@rozsakert.hu \u00c1LTAL\u00c1NOS NYITVATART\u00c1S H\u00e9tf\u0151 \u2013 P\u00e9ntek \u00a0 \u00a0 \u00a0 \u00a0 \u00a0 \u00a0 \u00a0 \u00a0 10.00 \u2013 20.00 Szombat \u00a0 \u00a0 \u00a0 \u00a0 \u00a0 \u00a0 \u00a0 \u00a0 \u00a0 \u00a0 \u00a0 \u00a0&hellip;\" \/>\n<meta property=\"og:url\" content=\"https:\/\/rozsakert.hu\/en\/kapcsolat-2\/\" \/>\n<meta property=\"og:site_name\" content=\"R\u00f3zsakert\" \/>\n<meta property=\"og:image\" content=\"https:\/\/rozsakert.hu\/wp-content\/uploads\/2020\/08\/1200x630.jpg\" \/>\n\t<meta property=\"og:image:width\" content=\"1200\" \/>\n\t<meta property=\"og:image:height\" content=\"630\" \/>\n\t<meta property=\"og:image:type\" content=\"image\/jpeg\" \/>\n<meta name=\"twitter:card\" content=\"summary_large_image\" \/>\n<meta name=\"twitter:label1\" content=\"Est. reading time\" \/>\n\t<meta name=\"twitter:data1\" content=\"1 minute\" \/>\n<script type=\"application\/ld+json\" class=\"yoast-schema-graph\">{\"@context\":\"https:\\\/\\\/schema.org\",\"@graph\":[{\"@type\":\"WebPage\",\"@id\":\"https:\\\/\\\/rozsakert.hu\\\/en\\\/kapcsolat-2\\\/\",\"url\":\"https:\\\/\\\/rozsakert.hu\\\/en\\\/kapcsolat-2\\\/\",\"name\":\"Kapcsolat - R\u00f3zsakert\",\"isPartOf\":{\"@id\":\"https:\\\/\\\/rozsakert.hu\\\/#website\"},\"datePublished\":\"2016-04-06T10:13:54+00:00\",\"breadcrumb\":{\"@id\":\"https:\\\/\\\/rozsakert.hu\\\/en\\\/kapcsolat-2\\\/#breadcrumb\"},\"inLanguage\":\"en-US\",\"potentialAction\":[{\"@type\":\"ReadAction\",\"target\":[\"https:\\\/\\\/rozsakert.hu\\\/en\\\/kapcsolat-2\\\/\"]}]},{\"@type\":\"BreadcrumbList\",\"@id\":\"https:\\\/\\\/rozsakert.hu\\\/en\\\/kapcsolat-2\\\/#breadcrumb\",\"itemListElement\":[{\"@type\":\"ListItem\",\"position\":1,\"name\":\"Home\",\"item\":\"https:\\\/\\\/rozsakert.hu\\\/en\\\/\"},{\"@type\":\"ListItem\",\"position\":2,\"name\":\"Kapcsolat\"}]},{\"@type\":\"WebSite\",\"@id\":\"https:\\\/\\\/rozsakert.hu\\\/#website\",\"url\":\"https:\\\/\\\/rozsakert.hu\\\/\",\"name\":\"R\u00f3zsakert\",\"description\":\"R\u00f3zsakert Bev\u00e1s\u00e1rl\u00f3k\u00f6zpont\",\"potentialAction\":[{\"@type\":\"SearchAction\",\"target\":{\"@type\":\"EntryPoint\",\"urlTemplate\":\"https:\\\/\\\/rozsakert.hu\\\/?s={search_term_string}\"},\"query-input\":{\"@type\":\"PropertyValueSpecification\",\"valueRequired\":true,\"valueName\":\"search_term_string\"}}],\"inLanguage\":\"en-US\"}]}<\/script>\n<!-- \/ Yoast SEO plugin. -->","yoast_head_json":{"title":"Kapcsolat - R\u00f3zsakert","robots":{"index":"index","follow":"follow","max-snippet":"max-snippet:-1","max-image-preview":"max-image-preview:large","max-video-preview":"max-video-preview:-1"},"canonical":"https:\/\/rozsakert.hu\/en\/kapcsolat-2\/","og_locale":"en_US","og_type":"article","og_title":"Kapcsolat - R\u00f3zsakert","og_description":"[vc_row][vc_column width=&#8221;1\/3&#8243;][vc_column_text] K\u00e9rd\u00e9se van? \u00cdrjon nek\u00fcnk! [\/vc_column_text][vc_empty_space][\/vc_column][vc_column width=&#8221;1\/3&#8243;][vc_column_text] El\u00e9rhet\u0151s\u00e9geink [\/vc_column_text][vc_empty_space][vc_column_text]C\u00edm: 1026 Budapest, G\u00e1bor \u00c1ron u.74. Tel.: +361 391 5998, 06 80 20 11 80 Email: rozsakert@rozsakert.hu \u00c1LTAL\u00c1NOS NYITVATART\u00c1S H\u00e9tf\u0151 \u2013 P\u00e9ntek \u00a0 \u00a0 \u00a0 \u00a0 \u00a0 \u00a0 \u00a0 \u00a0 10.00 \u2013 20.00 Szombat \u00a0 \u00a0 \u00a0 \u00a0 \u00a0 \u00a0 \u00a0 \u00a0 \u00a0 \u00a0 \u00a0 \u00a0&hellip;","og_url":"https:\/\/rozsakert.hu\/en\/kapcsolat-2\/","og_site_name":"R\u00f3zsakert","og_image":[{"width":1200,"height":630,"url":"https:\/\/rozsakert.hu\/wp-content\/uploads\/2020\/08\/1200x630.jpg","type":"image\/jpeg"}],"twitter_card":"summary_large_image","twitter_misc":{"Est. reading time":"1 minute"},"schema":{"@context":"https:\/\/schema.org","@graph":[{"@type":"WebPage","@id":"https:\/\/rozsakert.hu\/en\/kapcsolat-2\/","url":"https:\/\/rozsakert.hu\/en\/kapcsolat-2\/","name":"Kapcsolat - R\u00f3zsakert","isPartOf":{"@id":"https:\/\/rozsakert.hu\/#website"},"datePublished":"2016-04-06T10:13:54+00:00","breadcrumb":{"@id":"https:\/\/rozsakert.hu\/en\/kapcsolat-2\/#breadcrumb"},"inLanguage":"en-US","potentialAction":[{"@type":"ReadAction","target":["https:\/\/rozsakert.hu\/en\/kapcsolat-2\/"]}]},{"@type":"BreadcrumbList","@id":"https:\/\/rozsakert.hu\/en\/kapcsolat-2\/#breadcrumb","itemListElement":[{"@type":"ListItem","position":1,"name":"Home","item":"https:\/\/rozsakert.hu\/en\/"},{"@type":"ListItem","position":2,"name":"Kapcsolat"}]},{"@type":"WebSite","@id":"https:\/\/rozsakert.hu\/#website","url":"https:\/\/rozsakert.hu\/","name":"R\u00f3zsakert","description":"R\u00f3zsakert Bev\u00e1s\u00e1rl\u00f3k\u00f6zpont","potentialAction":[{"@type":"SearchAction","target":{"@type":"EntryPoint","urlTemplate":"https:\/\/rozsakert.hu\/?s={search_term_string}"},"query-input":{"@type":"PropertyValueSpecification","valueRequired":true,"valueName":"search_term_string"}}],"inLanguage":"en-US"}]}},"_links":{"self":[{"href":"https:\/\/rozsakert.hu\/en\/wp-json\/wp\/v2\/pages\/976","targetHints":{"allow":["GET"]}}],"collection":[{"href":"https:\/\/rozsakert.hu\/en\/wp-json\/wp\/v2\/pages"}],"about":[{"href":"https:\/\/rozsakert.hu\/en\/wp-json\/wp\/v2\/types\/page"}],"author":[{"embeddable":true,"href":"https:\/\/rozsakert.hu\/en\/wp-json\/wp\/v2\/users\/17"}],"replies":[{"embeddable":true,"href":"https:\/\/rozsakert.hu\/en\/wp-json\/wp\/v2\/comments?post=976"}],"version-history":[{"count":1,"href":"https:\/\/rozsakert.hu\/en\/wp-json\/wp\/v2\/pages\/976\/revisions"}],"predecessor-version":[{"id":977,"href":"https:\/\/rozsakert.hu\/en\/wp-json\/wp\/v2\/pages\/976\/revisions\/977"}],"wp:attachment":[{"href":"https:\/\/rozsakert.hu\/en\/wp-json\/wp\/v2\/media?parent=976"}],"curies":[{"name":"wp","href":"https:\/\/api.w.org\/{rel}","templated":true}]}}