{"id":968,"date":"2016-04-06T10:08:11","date_gmt":"2016-04-06T10:08:11","guid":{"rendered":"https:\/\/rozsakert.hu\/?page_id=968"},"modified":"2016-04-06T10:08:11","modified_gmt":"2016-04-06T10:08:11","slug":"uzletek-2","status":"publish","type":"page","link":"https:\/\/rozsakert.hu\/en\/uzletek-2\/","title":{"rendered":"\u00dczletek"},"content":{"rendered":"<div class=\"wpb-content-wrapper\"><p>[vc_row][vc_column width=&#8221;1\/4&#8243;][vc_empty_space][vc_column_text]<\/p>\n<h4><span style=\"color: #ed1c24;\">N\u0150I DIVAT<\/span><\/h4>\n<p>[\/vc_column_text][vc_empty_space][vc_column_text]<a href=\"https:\/\/rozsakert.hu\/a-wear-sportruhazat\/\">a-Wear<\/a> <a href=\"https:\/\/rozsakert.hu\/clamar-multibrand-store-noi-ferfi-divat\/\">Clamar multibrand<\/a> <a href=\"https:\/\/rozsakert.hu\/corso-como\/\">Corso Como<\/a> <a href=\"https:\/\/rozsakert.hu\/elysees-ferfi-noi-divat\/\">Elys\u00e9es<\/a> <a href=\"https:\/\/rozsakert.hu\/gant\/\">GANT<\/a> <a href=\"https:\/\/rozsakert.hu\/my-day-collection\/\">My Day Collection<\/a> <a href=\"https:\/\/rozsakert.hu\/s-oliver-noi-es-gyermek-divat\/\">s.Oliver<\/a>[\/vc_column_text][\/vc_column][vc_column width=&#8221;1\/4&#8243;][vc_empty_space][vc_column_text]<\/p>\n<h4><span style=\"color: #ed1c24;\">F\u00c9RFI DIVAT<\/span><\/h4>\n<p>[\/vc_column_text][vc_empty_space][vc_column_text]<a href=\"https:\/\/rozsakert.hu\/a-wear-sportruhazat\/\">a-Wear<\/a> <a href=\"https:\/\/rozsakert.hu\/clamar-multibrand-store-noi-ferfi-divat\/\">Clamar multibrand<\/a> <a href=\"https:\/\/rozsakert.hu\/corso-como\/\">Corso Como<\/a> <a href=\"https:\/\/rozsakert.hu\/elysees-ferfi-noi-divat\/\">Elys\u00e9es<\/a> <a href=\"https:\/\/rozsakert.hu\/gant\/\">GANT<\/a>[\/vc_column_text][\/vc_column][vc_column width=&#8221;1\/4&#8243;][vc_empty_space][vc_column_text]<\/p>\n<h4><span style=\"color: #ed1c24;\">GYEREK DIVAT<\/span><\/h4>\n<p>[\/vc_column_text][vc_empty_space][vc_column_text]<a href=\"https:\/\/rozsakert.hu\/a-wear-sportruhazat\/\">a-Wear<\/a> <a href=\"https:\/\/rozsakert.hu\/benefit-gyerekcipo-ruha-es-fehernemu\/\">Benefit gyerekcip\u0151, ruha \u00e9s feh\u00e9rnem\u0171<\/a> <a href=\"https:\/\/rozsakert.hu\/s-oliver-noi-es-gyermek-divat\/\">s.Oliver<\/a>[\/vc_column_text][\/vc_column][vc_column width=&#8221;1\/4&#8243;][vc_empty_space][vc_column_text]<\/p>\n<h4><span style=\"color: #c61621;\">CIP\u0150<\/span><\/h4>\n<p>[\/vc_column_text][vc_empty_space][vc_column_text]<a href=\"https:\/\/rozsakert.hu\/benefit-gyerekcipo-ruha-es-fehernemu\/\">Benefit<\/a> <a href=\"https:\/\/rozsakert.hu\/clamar-multibrand-store-noi-ferfi-divat\/\">Clamar multibrand<\/a> <a href=\"https:\/\/rozsakert.hu\/corso-como\/\">Corso Como<\/a> <a href=\"https:\/\/rozsakert.hu\/elysees-ferfi-noi-divat\/\">Elys\u00e9es<\/a> <a href=\"https:\/\/rozsakert.hu\/gant\/\">GANT<\/a> <a href=\"https:\/\/rozsakert.hu\/my-day-collection\/\">My Day Collection<\/a>[\/vc_column_text][\/vc_column][\/vc_row][vc_row][vc_column width=&#8221;1\/4&#8243;][vc_empty_space][vc_column_text]<\/p>\n<h4><span style=\"color: #ed1c24;\">FEH\u00c9RNEM\u0170<\/span><\/h4>\n<p>[\/vc_column_text][vc_empty_space][vc_column_text]<a href=\"https:\/\/rozsakert.hu\/sello-fehernemu\/\">Sell\u0151 <\/a><a href=\"https:\/\/rozsakert.hu\/benefit-gyerekcipo-ruha-es-fehernemu\/\">Benefit<\/a> <a href=\"https:\/\/rozsakert.hu\/gant\/\">GANT<\/a>[\/vc_column_text][\/vc_column][vc_column width=&#8221;1\/4&#8243;][vc_empty_space][vc_column_text]<\/p>\n<h4><span style=\"color: #ed1c24;\">SPORTRUH\u00c1ZAT, FELSZEREL\u00c9S<\/span><\/h4>\n<p>[\/vc_column_text][vc_empty_space][vc_column_text]<a href=\"https:\/\/rozsakert.hu\/a-wear-sportruhazat\/\">a-Wear<\/a>[\/vc_column_text][\/vc_column][vc_column width=&#8221;1\/4&#8243;][vc_empty_space][vc_column_text]<\/p>\n<h4><span style=\"color: #ed1c24;\">PARF\u00dcM\u00c9RIA<\/span><\/h4>\n<p>[\/vc_column_text][vc_empty_space][vc_column_text]<a href=\"https:\/\/rozsakert.hu\/dm\/\">dm-Drogerie Markt<\/a> <a href=\"https:\/\/rozsakert.hu\/marionnaud-parfumeria\/\">Marionnaud<\/a>[\/vc_column_text][\/vc_column][vc_column width=&#8221;1\/4&#8243;][vc_empty_space][vc_column_text]<\/p>\n<h4><span style=\"color: #ed1c24;\">\u00c9KSZER, \u00d3RA<\/span><\/h4>\n<p>[\/vc_column_text][vc_empty_space][vc_column_text]<a href=\"https:\/\/rozsakert.hu\/uj-aztek-ekszer\/\">\u00daj Azt\u00e9k<\/a>[\/vc_column_text][\/vc_column][\/vc_row][vc_row][vc_column width=&#8221;1\/4&#8243;][vc_empty_space][vc_column_text]<\/p>\n<h4><span style=\"color: #ed1c24;\">T\u00c1SKA<\/span><\/h4>\n<p>[\/vc_column_text][vc_empty_space][vc_column_text]<a href=\"https:\/\/rozsakert.hu\/a-wear-sportruhazat\/\">a-Wear <\/a><a href=\"https:\/\/rozsakert.hu\/corso-como\/\">Corso Como <\/a><a href=\"https:\/\/rozsakert.hu\/clamar-multibrand-store-noi-ferfi-divat\/\">Clamar Multibrand<\/a> <a href=\"https:\/\/rozsakert.hu\/gion-taska\/\">Gion\u00a0b\u0151rd\u00edszm\u0171<\/a>[\/vc_column_text][\/vc_column][vc_column width=&#8221;1\/4&#8243;][vc_empty_space][vc_column_text]<\/p>\n<h4><span style=\"color: #ed1c24;\">LAK\u00c1SKULT\u00daRA, LAKBERENDEZ\u00c9S<\/span><\/h4>\n<p>[\/vc_column_text][vc_empty_space][vc_column_text]<a href=\"https:\/\/rozsakert.hu\/the-house-of-villeroy-boch\/\">Villeroy &amp; Boch<\/a>[\/vc_column_text][\/vc_column][vc_column width=&#8221;1\/4&#8243;][vc_empty_space][vc_column_text]<\/p>\n<h4><span style=\"color: #ed1c24;\">K\u00d6NYV, IRODASZER, J\u00c1T\u00c9K<\/span><\/h4>\n<p>[\/vc_column_text][vc_empty_space][vc_column_text]<a href=\"https:\/\/rozsakert.hu\/jatekbox\/\">J\u00e1t\u00e9kBox<\/a> <a href=\"https:\/\/rozsakert.hu\/lira-konyvaruhaz\/\">L\u00edra K\u00f6nyv\u00e1ruh\u00e1z<\/a> <a href=\"https:\/\/rozsakert.hu\/papir-sziget-papir-iroszer-es-ajandek\/\">Pap\u00edr-Sziget<\/a>[\/vc_column_text][\/vc_column][vc_column width=&#8221;1\/4&#8243;][vc_empty_space][vc_column_text]<\/p>\n<h4><span style=\"color: #ed1c24;\">VIR\u00c1G, \u00c9DESS\u00c9G, DOH\u00c1NY, H\u00cdRLAP<\/span><\/h4>\n<p>[\/vc_column_text][vc_empty_space][vc_column_text]<a href=\"https:\/\/rozsakert.hu\/moyo-virag\/\">Moyo Vir\u00e1g<\/a> <a href=\"https:\/\/rozsakert.hu\/nemzeti-dohanybolt\/\">Nemzeti Doh\u00e1nybolt<\/a> <a href=\"https:\/\/rozsakert.hu\/rose-edesseg\/\">Rose \u00c9dess\u00e9g<\/a>[\/vc_column_text][\/vc_column][\/vc_row][vc_row][vc_column width=&#8221;1\/4&#8243;][vc_empty_space][vc_column_text]<\/p>\n<h4><span style=\"color: #ed1c24;\">\u00c9LELMISZER, DELIK\u00c1TESZ<\/span><\/h4>\n<p>[\/vc_column_text][vc_empty_space][vc_column_text]<a href=\"https:\/\/rozsakert.hu\/bortarsasag-borszakuzlet\/\">SPAR Bort\u00e1rsas\u00e1g<\/a> <a href=\"https:\/\/rozsakert.hu\/petit-pain-francia-pekseg\/\">Petit Pain &#8211; Francia P\u00e9ks\u00e9g<\/a> <a href=\"https:\/\/rozsakert.hu\/ronnefeldt-teahaz\/\">Ronnefeldt Teah\u00e1z<\/a> <a href=\"https:\/\/rozsakert.hu\/szerelmunk-gyumolcse-zoldseg-gyumolcs-uzlet\/\">Szerelm\u00fcnk Gy\u00fcm\u00f6lcse &#8211; Z\u00f6lds\u00e9g-Gy\u00fcm\u00f6lcs \u00fczlet<\/a> <a href=\"https:\/\/rozsakert.hu\/tortenetek-a-spajzbol\/\">T\u00f6rt\u00e9netek a Sp\u00e1jzb\u00f3l<\/a>[\/vc_column_text][\/vc_column][vc_column width=&#8221;1\/4&#8243;][vc_empty_space][vc_column_text]<\/p>\n<h4><span style=\"color: #ed1c24;\">\u00c9TTERMEK, K\u00c1V\u00c9Z\u00d3K<\/span><\/h4>\n<p>[\/vc_column_text][vc_empty_space][vc_column_text]<a href=\"https:\/\/rozsakert.hu\/cafe-mistral\/\">Cafe Mistral<\/a> <a href=\"https:\/\/rozsakert.hu\/izozon-magyaros-etterem\/\">Magyaros\u00a0<\/a><a href=\"https:\/\/rozsakert.hu\/noriko-sushi\/\">Noriko Sushi<\/a><a href=\"https:\/\/rozsakert.hu\/izozon-magyaros-etterem\/\"> Old City &#8211; Keleti\u00a0B\u00fcf\u00e9 <\/a><a href=\"https:\/\/rozsakert.hu\/peking-bufe\/\">Peking B\u00fcf\u00e9<\/a> <a href=\"https:\/\/rozsakert.hu\/porto-di-mare-ristorante\/\">Porto di Mare Ristorante<\/a> <a href=\"https:\/\/rozsakert.hu\/suti-cake-shake\/\">S\u00fcti. Cake &amp; Shake<\/a> [\/vc_column_text][\/vc_column][vc_column width=&#8221;1\/4&#8243;][vc_empty_space][vc_column_text]<\/p>\n<h4><span style=\"color: #ed1c24;\">EG\u00c9SZS\u00c9G<\/span><\/h4>\n<p>[\/vc_column_text][vc_empty_space][vc_column_text]<a href=\"https:\/\/rozsakert.hu\/rozsakert-medical-center\/\">R\u00f3zsakert Medical Center<\/a> <a href=\"https:\/\/rozsakert.hu\/rmc-dentart-fogaszati-kozpont\/\">RMC DentArt Fog\u00e1szati K\u00f6zpont<\/a> <a href=\"https:\/\/rozsakert.hu\/naturtanya-natura-uzlet\/\">Natur Tanya<\/a> <a href=\"https:\/\/rozsakert.hu\/rozsakerti-patika\/\">R\u00f3zsakerti Patika<\/a> <a href=\"https:\/\/rozsakert.hu\/thai-harmonia-tradicionalis-masszazsszalon\/\">Thai Harm\u00f3nia &#8211; Massz\u00e1zs<\/a> <a href=\"https:\/\/rozsakert.hu\/tobias-optika-optika-since-1949\/\">T\u00f3bi\u00e1s Optika<\/a>[\/vc_column_text][\/vc_column][vc_column width=&#8221;1\/4&#8243;][vc_empty_space][vc_column_text]<\/p>\n<h4><span style=\"color: #ed1c24;\">SZ\u00c9PS\u00c9G, KOZMETIKA<\/span><\/h4>\n<p>[\/vc_column_text][vc_empty_space][vc_column_text]<a href=\"https:\/\/rozsakert.hu\/dm\/\">dm-Drogerie Markt<\/a> <a href=\"https:\/\/rozsakert.hu\/marionnaud-parfumeria\/\">Marionnaud Parf\u00fcm\u00e9ria<\/a> <a href=\"https:\/\/rozsakert.hu\/miracle-beauty-spa\/\">Miracle Beauty&amp;Spa<\/a> <a href=\"https:\/\/rozsakert.hu\/tincses-sziget-gyermek-elmenyfodraszat\/\">Tincses Sziget gyermek \u00e9lm\u00e9nyfodr\u00e1szat<\/a>[\/vc_column_text][\/vc_column][\/vc_row][vc_row][vc_column width=&#8221;1\/4&#8243;][vc_empty_space][vc_column_text]<\/p>\n<h4><span style=\"color: #ed1c24;\">AUT\u00d3\u00c1POL\u00c1S<\/span><\/h4>\n<p>[\/vc_column_text][vc_empty_space][vc_column_text]<a href=\"https:\/\/rozsakert.hu\/automoso\/\">Luxury Wash aut\u00f3mos\u00f3<\/a> <a href=\"https:\/\/rozsakert.hu\/multifund-autokozmetika\/\">Multifund aut\u00f3kozmetika<\/a>[\/vc_column_text][\/vc_column][vc_column width=&#8221;1\/4&#8243;][vc_empty_space][vc_column_text]<\/p>\n<h4><span style=\"color: #ed1c24;\">M\u0170SZAKI TERM\u00c9KEK<\/span><\/h4>\n<p>[\/vc_column_text][vc_empty_space][vc_column_text]<a href=\"https:\/\/rozsakert.hu\/drphone-gsm\/\">drPhone GSM<\/a> <a href=\"https:\/\/rozsakert.hu\/ibro-apple\/\">iBro&#8217; Apple<\/a> <a href=\"https:\/\/rozsakert.hu\/planet-computer\/\">Planet Computer<\/a> [\/vc_column_text][\/vc_column][vc_column width=&#8221;1\/4&#8243;][vc_empty_space][vc_column_text]<\/p>\n<h4><span style=\"color: #ed1c24;\">P\u00c9NZ\u00dcGYI SZOLG\u00c1LTAT\u00c1S<\/span><\/h4>\n<p>[\/vc_column_text][vc_empty_space][vc_column_text]<a href=\"https:\/\/rozsakert.hu\/change-valutavalto\/\">Change p\u00e9nzv\u00e1lt\u00f3<\/a> <a href=\"https:\/\/rozsakert.hu\/cib-bank\/\">CIB Bank<\/a> <a href=\"https:\/\/rozsakert.hu\/magyar-posta\/\">Magyar Posta<\/a>[\/vc_column_text][\/vc_column][vc_column width=&#8221;1\/4&#8243;][vc_empty_space][vc_column_text]<\/p>\n<h4><span style=\"color: #ed1c24;\">SZOLG\u00c1LTAT\u00c1S<\/span><\/h4>\n<p>[\/vc_column_text][vc_empty_space][vc_column_text]<a href=\"https:\/\/rozsakert.hu\/broadway-jegyiroda\/\">Broadway Jegyiroda<\/a> <a href=\"https:\/\/rozsakert.hu\/chemol-travel\/\">Chemol Travel<\/a> <a href=\"https:\/\/rozsakert.hu\/foto-la-mar-kodak-express\/\">Fot\u00f3 La-M\u00e1r<\/a> <a href=\"https:\/\/rozsakert.hu\/lottozo\/\">Lott\u00f3z\u00f3<\/a> <a href=\"https:\/\/rozsakert.hu\/mindentvarro-varazskucko\/\">Mindentvarr\u00f3 Var\u00e1zskuck\u00f3<\/a> <a href=\"https:\/\/rozsakert.hu\/mister-minit-top-clean\/\">Mister Minit &#8211; Top Clean<\/a> <a href=\"https:\/\/rozsakert.hu\/suni-jatekkucko\/\">S\u00fcni\u00a0gyerekmeg\u0151rz\u0151<\/a> <a href=\"https:\/\/rozsakert.hu\/yooo-print-gyorsnyomda-es-fenymasolo\/\">YoooPrint f\u00e9nym\u00e1sol\u00f3<\/a>[\/vc_column_text][\/vc_column][\/vc_row][vc_row][vc_column width=&#8221;1\/4&#8243;][\/vc_column][vc_column width=&#8221;1\/4&#8243;][\/vc_column][vc_column width=&#8221;1\/4&#8243;][\/vc_column][vc_column width=&#8221;1\/4&#8243;][\/vc_column][\/vc_row]<\/p>\n<\/div>","protected":false},"excerpt":{"rendered":"<p>[vc_row][vc_column width=&#8221;1\/4&#8243;][vc_empty_space][vc_column_text] N\u0150I DIVAT [\/vc_column_text][vc_empty_space][vc_column_text]a-Wear Clamar multibrand Corso Como Elys\u00e9es GANT My Day Collection s.Oliver[\/vc_column_text][\/vc_column][vc_column width=&#8221;1\/4&#8243;][vc_empty_space][vc_column_text] F\u00c9RFI DIVAT [\/vc_column_text][vc_empty_space][vc_column_text]a-Wear Clamar multibrand Corso Como Elys\u00e9es GANT[\/vc_column_text][\/vc_column][vc_column width=&#8221;1\/4&#8243;][vc_empty_space][vc_column_text] GYEREK DIVAT [\/vc_column_text][vc_empty_space][vc_column_text]a-Wear Benefit gyerekcip\u0151, ruha \u00e9s feh\u00e9rnem\u0171 s.Oliver[\/vc_column_text][\/vc_column][vc_column width=&#8221;1\/4&#8243;][vc_empty_space][vc_column_text] CIP\u0150 [\/vc_column_text][vc_empty_space][vc_column_text]Benefit Clamar multibrand Corso Como Elys\u00e9es GANT My Day Collection[\/vc_column_text][\/vc_column][\/vc_row][vc_row][vc_column width=&#8221;1\/4&#8243;][vc_empty_space][vc_column_text] FEH\u00c9RNEM\u0170 [\/vc_column_text][vc_empty_space][vc_column_text]Sell\u0151 Benefit GANT[\/vc_column_text][\/vc_column][vc_column width=&#8221;1\/4&#8243;][vc_empty_space][vc_column_text] SPORTRUH\u00c1ZAT, FELSZEREL\u00c9S&hellip;<\/p>\n","protected":false},"author":17,"featured_media":0,"parent":0,"menu_order":0,"comment_status":"closed","ping_status":"closed","template":"","meta":{"footnotes":""},"class_list":["post-968","page","type-page","status-publish","hentry","description-off"],"yoast_head":"<!-- This site is optimized with the Yoast SEO plugin v27.4 - https:\/\/yoast.com\/product\/yoast-seo-wordpress\/ -->\n<title>\u00dczletek - R\u00f3zsakert<\/title>\n<meta name=\"robots\" content=\"index, follow, max-snippet:-1, max-image-preview:large, max-video-preview:-1\" \/>\n<link rel=\"canonical\" href=\"https:\/\/rozsakert.hu\/en\/uzletek-2\/\" \/>\n<meta property=\"og:locale\" content=\"en_US\" \/>\n<meta property=\"og:type\" content=\"article\" \/>\n<meta property=\"og:title\" content=\"\u00dczletek - R\u00f3zsakert\" \/>\n<meta property=\"og:description\" content=\"[vc_row][vc_column width=&#8221;1\/4&#8243;][vc_empty_space][vc_column_text] N\u0150I DIVAT [\/vc_column_text][vc_empty_space][vc_column_text]a-Wear Clamar multibrand Corso Como Elys\u00e9es GANT My Day Collection s.Oliver[\/vc_column_text][\/vc_column][vc_column width=&#8221;1\/4&#8243;][vc_empty_space][vc_column_text] F\u00c9RFI DIVAT [\/vc_column_text][vc_empty_space][vc_column_text]a-Wear Clamar multibrand Corso Como Elys\u00e9es GANT[\/vc_column_text][\/vc_column][vc_column width=&#8221;1\/4&#8243;][vc_empty_space][vc_column_text] GYEREK DIVAT [\/vc_column_text][vc_empty_space][vc_column_text]a-Wear Benefit gyerekcip\u0151, ruha \u00e9s feh\u00e9rnem\u0171 s.Oliver[\/vc_column_text][\/vc_column][vc_column width=&#8221;1\/4&#8243;][vc_empty_space][vc_column_text] CIP\u0150 [\/vc_column_text][vc_empty_space][vc_column_text]Benefit Clamar multibrand Corso Como Elys\u00e9es GANT My Day Collection[\/vc_column_text][\/vc_column][\/vc_row][vc_row][vc_column width=&#8221;1\/4&#8243;][vc_empty_space][vc_column_text] FEH\u00c9RNEM\u0170 [\/vc_column_text][vc_empty_space][vc_column_text]Sell\u0151 Benefit GANT[\/vc_column_text][\/vc_column][vc_column width=&#8221;1\/4&#8243;][vc_empty_space][vc_column_text] SPORTRUH\u00c1ZAT, FELSZEREL\u00c9S&hellip;\" \/>\n<meta property=\"og:url\" content=\"https:\/\/rozsakert.hu\/en\/uzletek-2\/\" \/>\n<meta property=\"og:site_name\" content=\"R\u00f3zsakert\" \/>\n<meta property=\"og:image\" content=\"https:\/\/rozsakert.hu\/wp-content\/uploads\/2020\/08\/1200x630.jpg\" \/>\n\t<meta property=\"og:image:width\" content=\"1200\" \/>\n\t<meta property=\"og:image:height\" content=\"630\" \/>\n\t<meta property=\"og:image:type\" content=\"image\/jpeg\" \/>\n<meta name=\"twitter:card\" content=\"summary_large_image\" \/>\n<meta name=\"twitter:label1\" content=\"Est. reading time\" \/>\n\t<meta name=\"twitter:data1\" content=\"4 minutes\" \/>\n<script type=\"application\/ld+json\" class=\"yoast-schema-graph\">{\"@context\":\"https:\\\/\\\/schema.org\",\"@graph\":[{\"@type\":\"WebPage\",\"@id\":\"https:\\\/\\\/rozsakert.hu\\\/en\\\/uzletek-2\\\/\",\"url\":\"https:\\\/\\\/rozsakert.hu\\\/en\\\/uzletek-2\\\/\",\"name\":\"\u00dczletek - R\u00f3zsakert\",\"isPartOf\":{\"@id\":\"https:\\\/\\\/rozsakert.hu\\\/#website\"},\"datePublished\":\"2016-04-06T10:08:11+00:00\",\"breadcrumb\":{\"@id\":\"https:\\\/\\\/rozsakert.hu\\\/en\\\/uzletek-2\\\/#breadcrumb\"},\"inLanguage\":\"en-US\",\"potentialAction\":[{\"@type\":\"ReadAction\",\"target\":[\"https:\\\/\\\/rozsakert.hu\\\/en\\\/uzletek-2\\\/\"]}]},{\"@type\":\"BreadcrumbList\",\"@id\":\"https:\\\/\\\/rozsakert.hu\\\/en\\\/uzletek-2\\\/#breadcrumb\",\"itemListElement\":[{\"@type\":\"ListItem\",\"position\":1,\"name\":\"Home\",\"item\":\"https:\\\/\\\/rozsakert.hu\\\/en\\\/\"},{\"@type\":\"ListItem\",\"position\":2,\"name\":\"\u00dczletek\"}]},{\"@type\":\"WebSite\",\"@id\":\"https:\\\/\\\/rozsakert.hu\\\/#website\",\"url\":\"https:\\\/\\\/rozsakert.hu\\\/\",\"name\":\"R\u00f3zsakert\",\"description\":\"R\u00f3zsakert Bev\u00e1s\u00e1rl\u00f3k\u00f6zpont\",\"potentialAction\":[{\"@type\":\"SearchAction\",\"target\":{\"@type\":\"EntryPoint\",\"urlTemplate\":\"https:\\\/\\\/rozsakert.hu\\\/?s={search_term_string}\"},\"query-input\":{\"@type\":\"PropertyValueSpecification\",\"valueRequired\":true,\"valueName\":\"search_term_string\"}}],\"inLanguage\":\"en-US\"}]}<\/script>\n<!-- \/ Yoast SEO plugin. -->","yoast_head_json":{"title":"\u00dczletek - R\u00f3zsakert","robots":{"index":"index","follow":"follow","max-snippet":"max-snippet:-1","max-image-preview":"max-image-preview:large","max-video-preview":"max-video-preview:-1"},"canonical":"https:\/\/rozsakert.hu\/en\/uzletek-2\/","og_locale":"en_US","og_type":"article","og_title":"\u00dczletek - R\u00f3zsakert","og_description":"[vc_row][vc_column width=&#8221;1\/4&#8243;][vc_empty_space][vc_column_text] N\u0150I DIVAT [\/vc_column_text][vc_empty_space][vc_column_text]a-Wear Clamar multibrand Corso Como Elys\u00e9es GANT My Day Collection s.Oliver[\/vc_column_text][\/vc_column][vc_column width=&#8221;1\/4&#8243;][vc_empty_space][vc_column_text] F\u00c9RFI DIVAT [\/vc_column_text][vc_empty_space][vc_column_text]a-Wear Clamar multibrand Corso Como Elys\u00e9es GANT[\/vc_column_text][\/vc_column][vc_column width=&#8221;1\/4&#8243;][vc_empty_space][vc_column_text] GYEREK DIVAT [\/vc_column_text][vc_empty_space][vc_column_text]a-Wear Benefit gyerekcip\u0151, ruha \u00e9s feh\u00e9rnem\u0171 s.Oliver[\/vc_column_text][\/vc_column][vc_column width=&#8221;1\/4&#8243;][vc_empty_space][vc_column_text] CIP\u0150 [\/vc_column_text][vc_empty_space][vc_column_text]Benefit Clamar multibrand Corso Como Elys\u00e9es GANT My Day Collection[\/vc_column_text][\/vc_column][\/vc_row][vc_row][vc_column width=&#8221;1\/4&#8243;][vc_empty_space][vc_column_text] FEH\u00c9RNEM\u0170 [\/vc_column_text][vc_empty_space][vc_column_text]Sell\u0151 Benefit GANT[\/vc_column_text][\/vc_column][vc_column width=&#8221;1\/4&#8243;][vc_empty_space][vc_column_text] SPORTRUH\u00c1ZAT, FELSZEREL\u00c9S&hellip;","og_url":"https:\/\/rozsakert.hu\/en\/uzletek-2\/","og_site_name":"R\u00f3zsakert","og_image":[{"width":1200,"height":630,"url":"https:\/\/rozsakert.hu\/wp-content\/uploads\/2020\/08\/1200x630.jpg","type":"image\/jpeg"}],"twitter_card":"summary_large_image","twitter_misc":{"Est. reading time":"4 minutes"},"schema":{"@context":"https:\/\/schema.org","@graph":[{"@type":"WebPage","@id":"https:\/\/rozsakert.hu\/en\/uzletek-2\/","url":"https:\/\/rozsakert.hu\/en\/uzletek-2\/","name":"\u00dczletek - R\u00f3zsakert","isPartOf":{"@id":"https:\/\/rozsakert.hu\/#website"},"datePublished":"2016-04-06T10:08:11+00:00","breadcrumb":{"@id":"https:\/\/rozsakert.hu\/en\/uzletek-2\/#breadcrumb"},"inLanguage":"en-US","potentialAction":[{"@type":"ReadAction","target":["https:\/\/rozsakert.hu\/en\/uzletek-2\/"]}]},{"@type":"BreadcrumbList","@id":"https:\/\/rozsakert.hu\/en\/uzletek-2\/#breadcrumb","itemListElement":[{"@type":"ListItem","position":1,"name":"Home","item":"https:\/\/rozsakert.hu\/en\/"},{"@type":"ListItem","position":2,"name":"\u00dczletek"}]},{"@type":"WebSite","@id":"https:\/\/rozsakert.hu\/#website","url":"https:\/\/rozsakert.hu\/","name":"R\u00f3zsakert","description":"R\u00f3zsakert Bev\u00e1s\u00e1rl\u00f3k\u00f6zpont","potentialAction":[{"@type":"SearchAction","target":{"@type":"EntryPoint","urlTemplate":"https:\/\/rozsakert.hu\/?s={search_term_string}"},"query-input":{"@type":"PropertyValueSpecification","valueRequired":true,"valueName":"search_term_string"}}],"inLanguage":"en-US"}]}},"_links":{"self":[{"href":"https:\/\/rozsakert.hu\/en\/wp-json\/wp\/v2\/pages\/968","targetHints":{"allow":["GET"]}}],"collection":[{"href":"https:\/\/rozsakert.hu\/en\/wp-json\/wp\/v2\/pages"}],"about":[{"href":"https:\/\/rozsakert.hu\/en\/wp-json\/wp\/v2\/types\/page"}],"author":[{"embeddable":true,"href":"https:\/\/rozsakert.hu\/en\/wp-json\/wp\/v2\/users\/17"}],"replies":[{"embeddable":true,"href":"https:\/\/rozsakert.hu\/en\/wp-json\/wp\/v2\/comments?post=968"}],"version-history":[{"count":1,"href":"https:\/\/rozsakert.hu\/en\/wp-json\/wp\/v2\/pages\/968\/revisions"}],"predecessor-version":[{"id":969,"href":"https:\/\/rozsakert.hu\/en\/wp-json\/wp\/v2\/pages\/968\/revisions\/969"}],"wp:attachment":[{"href":"https:\/\/rozsakert.hu\/en\/wp-json\/wp\/v2\/media?parent=968"}],"curies":[{"name":"wp","href":"https:\/\/api.w.org\/{rel}","templated":true}]}}