{"id":826,"date":"2016-03-31T08:44:17","date_gmt":"2016-03-31T08:44:17","guid":{"rendered":"https:\/\/rozsakert.hu\/?page_id=826"},"modified":"2016-03-31T09:01:59","modified_gmt":"2016-03-31T09:01:59","slug":"fooldal-2","status":"publish","type":"page","link":"https:\/\/rozsakert.hu\/en\/","title":{"rendered":"F\u0151oldal"},"content":{"rendered":"<div class=\"wpb-content-wrapper\"><p>[vc_row full_width=&#8221;true&#8221; el_class=&#8221;hide hidet&#8221;][vc_column][vc_empty_space height=&#8221;50px&#8221;][\/vc_column][\/vc_row][vc_row][vc_column width=&#8221;1\/2&#8243; el_class=&#8221;mexcerpt&#8221;][vc_single_image image=&#8221;731&#8243; img_size=&#8221;504&#215;266&#8243; onclick=&#8221;custom_link&#8221; link=&#8221;https:\/\/rozsakert.hu\/bortarsasag-borszakuzlet\/&#8221;][vc_empty_space el_class=&#8221;hide&#8221;][vc_column_text]<\/p>\n<h4><a href=\"https:\/\/rozsakert.hu\/bortarsasag-borszakuzlet\/\">Sok j\u00f3 bor kedvezm\u00e9nnyel a Bort\u00e1rsas\u00e1gn\u00e1l!<\/a><\/h4>\n<p>[\/vc_column_text][\/vc_column][vc_column width=&#8221;1\/2&#8243; el_class=&#8221;mexcerpt&#8221;][vc_single_image image=&#8221;623&#8243; img_size=&#8221;504&#215;266&#8243; onclick=&#8221;custom_link&#8221; link=&#8221;https:\/\/rozsakert.hu\/clamar-multibrand-store-noi-ferfi-divat\/&#8221;][vc_empty_space el_class=&#8221;hide&#8221;][vc_column_text]<\/p>\n<h4><a href=\"https:\/\/rozsakert.hu\/clamar-multibrand-store-noi-ferfi-divat\/\">Bugatti \u2013 \u0151szi \/ t\u00e9li kolleci\u00f3 2015.<\/a><\/h4>\n<p>[\/vc_column_text][\/vc_column][\/vc_row][vc_row el_class=&#8221;hide&#8221;][vc_column][vc_empty_space height=&#8221;72px&#8221;][\/vc_column][\/vc_row][vc_row][vc_column width=&#8221;1\/2&#8243; el_class=&#8221;mexcerpt&#8221;][vc_single_image image=&#8221;647&#8243; img_size=&#8221;560&#215;266&#8243; onclick=&#8221;custom_link&#8221; link=&#8221;https:\/\/rozsakert.hu\/rozsakert-medical-center\/&#8221;][vc_empty_space el_class=&#8221;hide&#8221;][vc_column_text]<\/p>\n<h4 style=\"text-align: left;\"><a href=\"https:\/\/rozsakert.hu\/rozsakert-medical-center\/\">Ismerje meg a R\u00f3zsakert Medical Center komplex szolg\u00e1ltat\u00e1sait.<\/a><\/h4>\n<p>[\/vc_column_text][\/vc_column][vc_column width=&#8221;1\/2&#8243; el_class=&#8221;mexcerpt&#8221;][vc_single_image image=&#8221;726&#8243; img_size=&#8221;560&#215;266&#8243; onclick=&#8221;custom_link&#8221; link=&#8221;https:\/\/rozsakert.hu\/the-house-of-villeroy-boch\/&#8221;][vc_empty_space el_class=&#8221;hide&#8221;][vc_column_text]<\/p>\n<h4><a href=\"https:\/\/rozsakert.hu\/the-house-of-villeroy-boch\/\">\u00daj Villeroy &amp; Boch kollekci\u00f3 a pizza szerelmeseinek<\/a><\/h4>\n<p>[\/vc_column_text][\/vc_column][\/vc_row][vc_row][vc_column width=&#8221;1\/2&#8243;][\/vc_column][vc_column width=&#8221;1\/2&#8243;][\/vc_column][\/vc_row]<\/p>\n<\/div>","protected":false},"excerpt":{"rendered":"<p>[vc_row full_width=&#8221;true&#8221; el_class=&#8221;hide hidet&#8221;][vc_column][vc_empty_space height=&#8221;50px&#8221;][\/vc_column][\/vc_row][vc_row][vc_column width=&#8221;1\/2&#8243; el_class=&#8221;mexcerpt&#8221;][vc_single_image image=&#8221;731&#8243; img_size=&#8221;504&#215;266&#8243; onclick=&#8221;custom_link&#8221; link=&#8221;https:\/\/rozsakert.hu\/bortarsasag-borszakuzlet\/&#8221;][vc_empty_space el_class=&#8221;hide&#8221;][vc_column_text] Sok j\u00f3 bor kedvezm\u00e9nnyel a Bort\u00e1rsas\u00e1gn\u00e1l! [\/vc_column_text][\/vc_column][vc_column width=&#8221;1\/2&#8243; el_class=&#8221;mexcerpt&#8221;][vc_single_image image=&#8221;623&#8243; img_size=&#8221;504&#215;266&#8243; onclick=&#8221;custom_link&#8221; link=&#8221;https:\/\/rozsakert.hu\/clamar-multibrand-store-noi-ferfi-divat\/&#8221;][vc_empty_space el_class=&#8221;hide&#8221;][vc_column_text] Bugatti \u2013 \u0151szi \/ t\u00e9li kolleci\u00f3 2015. [\/vc_column_text][\/vc_column][\/vc_row][vc_row el_class=&#8221;hide&#8221;][vc_column][vc_empty_space height=&#8221;72px&#8221;][\/vc_column][\/vc_row][vc_row][vc_column width=&#8221;1\/2&#8243; el_class=&#8221;mexcerpt&#8221;][vc_single_image image=&#8221;647&#8243; img_size=&#8221;560&#215;266&#8243; onclick=&#8221;custom_link&#8221; link=&#8221;https:\/\/rozsakert.hu\/rozsakert-medical-center\/&#8221;][vc_empty_space el_class=&#8221;hide&#8221;][vc_column_text] Ismerje meg a R\u00f3zsakert Medical Center komplex szolg\u00e1ltat\u00e1sait. [\/vc_column_text][\/vc_column][vc_column width=&#8221;1\/2&#8243; el_class=&#8221;mexcerpt&#8221;][vc_single_image image=&#8221;726&#8243;&hellip;<\/p>\n","protected":false},"author":17,"featured_media":0,"parent":0,"menu_order":0,"comment_status":"closed","ping_status":"closed","template":"","meta":{"footnotes":""},"class_list":["post-826","page","type-page","status-publish","hentry","description-off"],"yoast_head":"<!-- This site is optimized with the Yoast SEO plugin v27.4 - https:\/\/yoast.com\/product\/yoast-seo-wordpress\/ -->\n<title>F\u0151oldal - R\u00f3zsakert<\/title>\n<meta name=\"robots\" content=\"index, follow, max-snippet:-1, max-image-preview:large, max-video-preview:-1\" \/>\n<link rel=\"canonical\" href=\"https:\/\/rozsakert.hu\/en\/\" \/>\n<meta property=\"og:locale\" content=\"en_US\" \/>\n<meta property=\"og:type\" content=\"article\" \/>\n<meta property=\"og:title\" content=\"F\u0151oldal - R\u00f3zsakert\" \/>\n<meta property=\"og:description\" content=\"[vc_row full_width=&#8221;true&#8221; el_class=&#8221;hide hidet&#8221;][vc_column][vc_empty_space height=&#8221;50px&#8221;][\/vc_column][\/vc_row][vc_row][vc_column width=&#8221;1\/2&#8243; el_class=&#8221;mexcerpt&#8221;][vc_single_image image=&#8221;731&#8243; img_size=&#8221;504&#215;266&#8243; onclick=&#8221;custom_link&#8221; link=&#8221;https:\/\/rozsakert.hu\/bortarsasag-borszakuzlet\/&#8221;][vc_empty_space el_class=&#8221;hide&#8221;][vc_column_text] Sok j\u00f3 bor kedvezm\u00e9nnyel a Bort\u00e1rsas\u00e1gn\u00e1l! [\/vc_column_text][\/vc_column][vc_column width=&#8221;1\/2&#8243; el_class=&#8221;mexcerpt&#8221;][vc_single_image image=&#8221;623&#8243; img_size=&#8221;504&#215;266&#8243; onclick=&#8221;custom_link&#8221; link=&#8221;https:\/\/rozsakert.hu\/clamar-multibrand-store-noi-ferfi-divat\/&#8221;][vc_empty_space el_class=&#8221;hide&#8221;][vc_column_text] Bugatti \u2013 \u0151szi \/ t\u00e9li kolleci\u00f3 2015. [\/vc_column_text][\/vc_column][\/vc_row][vc_row el_class=&#8221;hide&#8221;][vc_column][vc_empty_space height=&#8221;72px&#8221;][\/vc_column][\/vc_row][vc_row][vc_column width=&#8221;1\/2&#8243; el_class=&#8221;mexcerpt&#8221;][vc_single_image image=&#8221;647&#8243; img_size=&#8221;560&#215;266&#8243; onclick=&#8221;custom_link&#8221; link=&#8221;https:\/\/rozsakert.hu\/rozsakert-medical-center\/&#8221;][vc_empty_space el_class=&#8221;hide&#8221;][vc_column_text] Ismerje meg a R\u00f3zsakert Medical Center komplex szolg\u00e1ltat\u00e1sait. [\/vc_column_text][\/vc_column][vc_column width=&#8221;1\/2&#8243; el_class=&#8221;mexcerpt&#8221;][vc_single_image image=&#8221;726&#8243;&hellip;\" \/>\n<meta property=\"og:url\" content=\"https:\/\/rozsakert.hu\/en\/\" \/>\n<meta property=\"og:site_name\" content=\"R\u00f3zsakert\" \/>\n<meta property=\"article:modified_time\" content=\"2016-03-31T09:01:59+00:00\" \/>\n<meta property=\"og:image\" content=\"https:\/\/rozsakert.hu\/wp-content\/uploads\/2020\/08\/1200x630.jpg\" \/>\n\t<meta property=\"og:image:width\" content=\"1200\" \/>\n\t<meta property=\"og:image:height\" content=\"630\" \/>\n\t<meta property=\"og:image:type\" content=\"image\/jpeg\" \/>\n<meta name=\"twitter:card\" content=\"summary_large_image\" \/>\n<meta name=\"twitter:label1\" content=\"Est. reading time\" \/>\n\t<meta name=\"twitter:data1\" content=\"1 minute\" \/>\n<script type=\"application\/ld+json\" class=\"yoast-schema-graph\">{\"@context\":\"https:\\\/\\\/schema.org\",\"@graph\":[{\"@type\":\"WebPage\",\"@id\":\"https:\\\/\\\/rozsakert.hu\\\/en\\\/\",\"url\":\"https:\\\/\\\/rozsakert.hu\\\/en\\\/\",\"name\":\"F\u0151oldal - R\u00f3zsakert\",\"isPartOf\":{\"@id\":\"https:\\\/\\\/rozsakert.hu\\\/#website\"},\"datePublished\":\"2016-03-31T08:44:17+00:00\",\"dateModified\":\"2016-03-31T09:01:59+00:00\",\"breadcrumb\":{\"@id\":\"https:\\\/\\\/rozsakert.hu\\\/en\\\/#breadcrumb\"},\"inLanguage\":\"en-US\",\"potentialAction\":[{\"@type\":\"ReadAction\",\"target\":[\"https:\\\/\\\/rozsakert.hu\\\/en\\\/\"]}]},{\"@type\":\"BreadcrumbList\",\"@id\":\"https:\\\/\\\/rozsakert.hu\\\/en\\\/#breadcrumb\",\"itemListElement\":[{\"@type\":\"ListItem\",\"position\":1,\"name\":\"Home\",\"item\":\"https:\\\/\\\/rozsakert.hu\\\/en\\\/\"},{\"@type\":\"ListItem\",\"position\":2,\"name\":\"F\u0151oldal\"}]},{\"@type\":\"WebSite\",\"@id\":\"https:\\\/\\\/rozsakert.hu\\\/#website\",\"url\":\"https:\\\/\\\/rozsakert.hu\\\/\",\"name\":\"R\u00f3zsakert\",\"description\":\"R\u00f3zsakert Bev\u00e1s\u00e1rl\u00f3k\u00f6zpont\",\"potentialAction\":[{\"@type\":\"SearchAction\",\"target\":{\"@type\":\"EntryPoint\",\"urlTemplate\":\"https:\\\/\\\/rozsakert.hu\\\/?s={search_term_string}\"},\"query-input\":{\"@type\":\"PropertyValueSpecification\",\"valueRequired\":true,\"valueName\":\"search_term_string\"}}],\"inLanguage\":\"en-US\"}]}<\/script>\n<!-- \/ Yoast SEO plugin. -->","yoast_head_json":{"title":"F\u0151oldal - R\u00f3zsakert","robots":{"index":"index","follow":"follow","max-snippet":"max-snippet:-1","max-image-preview":"max-image-preview:large","max-video-preview":"max-video-preview:-1"},"canonical":"https:\/\/rozsakert.hu\/en\/","og_locale":"en_US","og_type":"article","og_title":"F\u0151oldal - R\u00f3zsakert","og_description":"[vc_row full_width=&#8221;true&#8221; el_class=&#8221;hide hidet&#8221;][vc_column][vc_empty_space height=&#8221;50px&#8221;][\/vc_column][\/vc_row][vc_row][vc_column width=&#8221;1\/2&#8243; el_class=&#8221;mexcerpt&#8221;][vc_single_image image=&#8221;731&#8243; img_size=&#8221;504&#215;266&#8243; onclick=&#8221;custom_link&#8221; link=&#8221;https:\/\/rozsakert.hu\/bortarsasag-borszakuzlet\/&#8221;][vc_empty_space el_class=&#8221;hide&#8221;][vc_column_text] Sok j\u00f3 bor kedvezm\u00e9nnyel a Bort\u00e1rsas\u00e1gn\u00e1l! [\/vc_column_text][\/vc_column][vc_column width=&#8221;1\/2&#8243; el_class=&#8221;mexcerpt&#8221;][vc_single_image image=&#8221;623&#8243; img_size=&#8221;504&#215;266&#8243; onclick=&#8221;custom_link&#8221; link=&#8221;https:\/\/rozsakert.hu\/clamar-multibrand-store-noi-ferfi-divat\/&#8221;][vc_empty_space el_class=&#8221;hide&#8221;][vc_column_text] Bugatti \u2013 \u0151szi \/ t\u00e9li kolleci\u00f3 2015. [\/vc_column_text][\/vc_column][\/vc_row][vc_row el_class=&#8221;hide&#8221;][vc_column][vc_empty_space height=&#8221;72px&#8221;][\/vc_column][\/vc_row][vc_row][vc_column width=&#8221;1\/2&#8243; el_class=&#8221;mexcerpt&#8221;][vc_single_image image=&#8221;647&#8243; img_size=&#8221;560&#215;266&#8243; onclick=&#8221;custom_link&#8221; link=&#8221;https:\/\/rozsakert.hu\/rozsakert-medical-center\/&#8221;][vc_empty_space el_class=&#8221;hide&#8221;][vc_column_text] Ismerje meg a R\u00f3zsakert Medical Center komplex szolg\u00e1ltat\u00e1sait. [\/vc_column_text][\/vc_column][vc_column width=&#8221;1\/2&#8243; el_class=&#8221;mexcerpt&#8221;][vc_single_image image=&#8221;726&#8243;&hellip;","og_url":"https:\/\/rozsakert.hu\/en\/","og_site_name":"R\u00f3zsakert","article_modified_time":"2016-03-31T09:01:59+00:00","og_image":[{"width":1200,"height":630,"url":"https:\/\/rozsakert.hu\/wp-content\/uploads\/2020\/08\/1200x630.jpg","type":"image\/jpeg"}],"twitter_card":"summary_large_image","twitter_misc":{"Est. reading time":"1 minute"},"schema":{"@context":"https:\/\/schema.org","@graph":[{"@type":"WebPage","@id":"https:\/\/rozsakert.hu\/en\/","url":"https:\/\/rozsakert.hu\/en\/","name":"F\u0151oldal - R\u00f3zsakert","isPartOf":{"@id":"https:\/\/rozsakert.hu\/#website"},"datePublished":"2016-03-31T08:44:17+00:00","dateModified":"2016-03-31T09:01:59+00:00","breadcrumb":{"@id":"https:\/\/rozsakert.hu\/en\/#breadcrumb"},"inLanguage":"en-US","potentialAction":[{"@type":"ReadAction","target":["https:\/\/rozsakert.hu\/en\/"]}]},{"@type":"BreadcrumbList","@id":"https:\/\/rozsakert.hu\/en\/#breadcrumb","itemListElement":[{"@type":"ListItem","position":1,"name":"Home","item":"https:\/\/rozsakert.hu\/en\/"},{"@type":"ListItem","position":2,"name":"F\u0151oldal"}]},{"@type":"WebSite","@id":"https:\/\/rozsakert.hu\/#website","url":"https:\/\/rozsakert.hu\/","name":"R\u00f3zsakert","description":"R\u00f3zsakert Bev\u00e1s\u00e1rl\u00f3k\u00f6zpont","potentialAction":[{"@type":"SearchAction","target":{"@type":"EntryPoint","urlTemplate":"https:\/\/rozsakert.hu\/?s={search_term_string}"},"query-input":{"@type":"PropertyValueSpecification","valueRequired":true,"valueName":"search_term_string"}}],"inLanguage":"en-US"}]}},"_links":{"self":[{"href":"https:\/\/rozsakert.hu\/en\/wp-json\/wp\/v2\/pages\/826","targetHints":{"allow":["GET"]}}],"collection":[{"href":"https:\/\/rozsakert.hu\/en\/wp-json\/wp\/v2\/pages"}],"about":[{"href":"https:\/\/rozsakert.hu\/en\/wp-json\/wp\/v2\/types\/page"}],"author":[{"embeddable":true,"href":"https:\/\/rozsakert.hu\/en\/wp-json\/wp\/v2\/users\/17"}],"replies":[{"embeddable":true,"href":"https:\/\/rozsakert.hu\/en\/wp-json\/wp\/v2\/comments?post=826"}],"version-history":[{"count":1,"href":"https:\/\/rozsakert.hu\/en\/wp-json\/wp\/v2\/pages\/826\/revisions"}],"predecessor-version":[{"id":827,"href":"https:\/\/rozsakert.hu\/en\/wp-json\/wp\/v2\/pages\/826\/revisions\/827"}],"wp:attachment":[{"href":"https:\/\/rozsakert.hu\/en\/wp-json\/wp\/v2\/media?parent=826"}],"curies":[{"name":"wp","href":"https:\/\/api.w.org\/{rel}","templated":true}]}}